{"id":2454,"date":"2013-11-25T15:48:08","date_gmt":"2013-11-25T20:48:08","guid":{"rendered":"http:\/\/doordoctor.rolladmedia.ca\/emplois-disponibles-2\/"},"modified":"2015-09-09T17:11:07","modified_gmt":"2015-09-09T21:11:07","slug":"career","status":"publish","type":"page","link":"https:\/\/www.braydor.com\/en\/career\/","title":{"rendered":"Career opportunities"},"content":{"rendered":"<p>We are always looking for outgoing and motivated people that are ready to take on the challenges. Send us your resume today.<\/p>\n<p><strong><a href=\"mailto:info@braydor.com\" target=\"_blank\">info@braydor.com<\/a><\/strong><\/p>\n<p>We are currently looking for candidates for the following jobs:<\/p>\n<h2>Garage door technician<\/h2>\n<p><img loading=\"lazy\" decoding=\"async\" class=\"size-full wp-image-5452 alignleft\" src=\"http:\/\/www.braydor.com\/wp-content\/uploads\/2013\/11\/ContentHandler1.jpg\" alt=\"ContentHandler\" width=\"150\" height=\"104\" srcset=\"https:\/\/www.braydor.com\/wp-content\/uploads\/2013\/11\/ContentHandler1.jpg 150w, https:\/\/www.braydor.com\/wp-content\/uploads\/2013\/11\/ContentHandler1-50x34.jpg 50w\" sizes=\"auto, (max-width: 150px) 100vw, 150px\" \/><span id=\"result_box\" lang=\"en\"><span title=\"ContentHandlerDESCRIPTION : Sous la supervision du directeur de service, vous aurez \u00e0 faire l'installation et la r\u00e9paration de portes de garage et accessoires dans les secteurs r\u00e9sidentiels, commerciales et industriels.\"><strong>DESCRIPTION<\/strong> : Under the supervision of the Service Manager , you will have to do the installation and repair of garage doors and accessories for residential , commercial and industrial sectors. <\/span><span title=\"Vous devez poss\u00e9der une carte de comp\u00e9tence charpentier-menuisier apprenti 1-2-3 ou compagnon.&lt;\/p&gt; &lt;p&gt;\">You must have a card carpenter apprentice or journeyman competence 1-2-3 .<\/span><\/span><\/p>\n<p>&nbsp;<\/p>\n<p>&nbsp;<\/p>\n<p><span id=\"result_box\" lang=\"en\"><span title=\"EXIGENCES : Niveau d\u2019\u00e9tudes : Secondaire&lt;br \/&gt; \"><strong>REQUIREMENTS<\/strong> : Education: High School<br \/>\n<\/span><span title=\"Dipl\u00f4me : Dipl\u00f4me d'\u00e9tude secondaire Statut: Termin\u00e9 Ann\u00e9es d'exp\u00e9riences : 3-5 ann\u00e9es&lt;br \/&gt; \">Degree: High school diploma Status: Completed Years of experience : 3-5 years<\/span><\/span><\/p>\n<h2><span id=\"result_box\" lang=\"en\"><span title=\"Comp\u00e9tences recherch\u00e9es&lt;\/p&gt; &lt;p&gt;\u00a0\u00a0\u00a0\u00a0\">Qualifications:<\/span><\/span><\/h2>\n<ul>\n<li><span id=\"result_box\" lang=\"en\"><span title=\"EXIGENCES : Niveau d\u2019\u00e9tudes : Secondaire&lt;br \/&gt; \"><span id=\"result_box\" lang=\"en\"><span title=\"Comp\u00e9tences recherch\u00e9es&lt;\/p&gt; &lt;p&gt;\u00a0\u00a0\u00a0\u00a0\"><span id=\"result_box\" lang=\"en\"><span title=\"Comp\u00e9tences recherch\u00e9es&lt;\/p&gt; &lt;p&gt;\u00a0\u00a0\u00a0\u00a0\">\u00a0<\/span><span title=\"Le travail exige une excellente condition physique et de bonnes habilit\u00e9s manuelles.&lt;br \/&gt; \u00a0\u00a0\u00a0\u00a0\">The work requires a high level of fitness and good manual skills<\/span><\/span><\/span><\/span><\/span><\/span><\/li>\n<li><span id=\"result_box\" lang=\"en\"><span title=\"EXIGENCES : Niveau d\u2019\u00e9tudes : Secondaire&lt;br \/&gt; \"><span id=\"result_box\" lang=\"en\"><span title=\"Comp\u00e9tences recherch\u00e9es&lt;\/p&gt; &lt;p&gt;\u00a0\u00a0\u00a0\u00a0\"><span id=\"result_box\" lang=\"en\"><span title=\"Vous aimez les t\u00e2ches vari\u00e9s, \u00eates responsable, autonome, d\u00e9brouillard et polyvalent.&lt;br \/&gt; \u00a0\u00a0\u00a0\u00a0\">Like the various tasks are responsible, independent , resourceful and versatile.<\/span><\/span><\/span><\/span><\/span><\/span><\/li>\n<li><span id=\"result_box\" lang=\"en\"><span title=\"EXIGENCES : Niveau d\u2019\u00e9tudes : Secondaire&lt;br \/&gt; \"><span id=\"result_box\" lang=\"en\"><span title=\"Comp\u00e9tences recherch\u00e9es&lt;\/p&gt; &lt;p&gt;\u00a0\u00a0\u00a0\u00a0\"><span id=\"result_box\" lang=\"en\"><span title=\"Vous aimez les t\u00e2ches vari\u00e9s, \u00eates responsable, autonome, d\u00e9brouillard et polyvalent.&lt;br \/&gt; \u00a0\u00a0\u00a0\u00a0\"><span id=\"result_box\" lang=\"en\"><span title=\"EXIGENCES : Niveau d\u2019\u00e9tudes : Secondaire&lt;br \/&gt; \"><span id=\"result_box\" lang=\"en\"><span title=\"Comp\u00e9tences recherch\u00e9es&lt;\/p&gt; &lt;p&gt;\u00a0\u00a0\u00a0\u00a0\"><span id=\"result_box\" lang=\"en\"><span title=\"Carte de comp\u00e9tences de la construction, charpentier-menuisier.&lt;br \/&gt; \u00a0\u00a0\u00a0\u00a0\">Map skills building , carpenter .<\/span><\/span><\/span><\/span><\/span><\/span><\/span><\/span><\/span><\/span><\/span><\/span><\/li>\n<li><span id=\"result_box\" lang=\"en\"><span title=\"EXIGENCES : Niveau d\u2019\u00e9tudes : Secondaire&lt;br \/&gt; \"><span id=\"result_box\" lang=\"en\"><span title=\"Comp\u00e9tences recherch\u00e9es&lt;\/p&gt; &lt;p&gt;\u00a0\u00a0\u00a0\u00a0\"><span id=\"result_box\" lang=\"en\"><span title=\"Vous aimez les t\u00e2ches vari\u00e9s, \u00eates responsable, autonome, d\u00e9brouillard et polyvalent.&lt;br \/&gt; \u00a0\u00a0\u00a0\u00a0\"><span id=\"result_box\" lang=\"en\"><span title=\"EXIGENCES : Niveau d\u2019\u00e9tudes : Secondaire&lt;br \/&gt; \"><span id=\"result_box\" lang=\"en\"><span title=\"Comp\u00e9tences recherch\u00e9es&lt;\/p&gt; &lt;p&gt;\u00a0\u00a0\u00a0\u00a0\"><span id=\"result_box\" lang=\"en\"><span title=\"Salaire selon la convention de la construction&lt;br \/&gt; \u00a0\u00a0\u00a0\u00a0\">Salary according to convention construction<\/span><\/span><\/span><\/span><\/span><\/span><\/span><\/span><\/span><\/span><\/span><\/span><\/li>\n<li><span id=\"result_box\" lang=\"en\"><span title=\"EXIGENCES : Niveau d\u2019\u00e9tudes : Secondaire&lt;br \/&gt; \"><span id=\"result_box\" lang=\"en\"><span title=\"Comp\u00e9tences recherch\u00e9es&lt;\/p&gt; &lt;p&gt;\u00a0\u00a0\u00a0\u00a0\"><span id=\"result_box\" lang=\"en\"><span title=\"Vous aimez les t\u00e2ches vari\u00e9s, \u00eates responsable, autonome, d\u00e9brouillard et polyvalent.&lt;br \/&gt; \u00a0\u00a0\u00a0\u00a0\"><span id=\"result_box\" lang=\"en\"><span title=\"EXIGENCES : Niveau d\u2019\u00e9tudes : Secondaire&lt;br \/&gt; \"><span id=\"result_box\" lang=\"en\"><span title=\"Comp\u00e9tences recherch\u00e9es&lt;\/p&gt; &lt;p&gt;\u00a0\u00a0\u00a0\u00a0\"><span id=\"result_box\" lang=\"en\"><span title=\"Des connaissances en soudure et m\u00e9canique seraient un atout.&lt;br \/&gt; \u00a0\u00a0\u00a0\u00a0\">Knowledge in welding and mechanics would be an asset .<\/span><\/span><\/span><\/span><\/span><\/span><\/span><\/span><\/span><\/span><\/span><\/span><\/li>\n<li><span id=\"result_box\" lang=\"en\"><span title=\"EXIGENCES : Niveau d\u2019\u00e9tudes : Secondaire&lt;br \/&gt; \"><span id=\"result_box\" lang=\"en\"><span title=\"Comp\u00e9tences recherch\u00e9es&lt;\/p&gt; &lt;p&gt;\u00a0\u00a0\u00a0\u00a0\"><span id=\"result_box\" lang=\"en\"><span title=\"Vous aimez les t\u00e2ches vari\u00e9s, \u00eates responsable, autonome, d\u00e9brouillard et polyvalent.&lt;br \/&gt; \u00a0\u00a0\u00a0\u00a0\"><span id=\"result_box\" lang=\"en\"><span title=\"EXIGENCES : Niveau d\u2019\u00e9tudes : Secondaire&lt;br \/&gt; \"><span id=\"result_box\" lang=\"en\"><span title=\"Comp\u00e9tences recherch\u00e9es&lt;\/p&gt; &lt;p&gt;\u00a0\u00a0\u00a0\u00a0\"><span id=\"result_box\" lang=\"en\"><span title=\"\u00catre disponible pour des chantiers \u00e9loign\u00e9s \u00e0 l'occasion.\">Be available for remote sites occasionally.<\/span><\/span><\/span><\/span><\/span><\/span><br \/>\n<\/span><br \/>\n<\/span><\/span><\/span><\/span><\/span><\/li>\n<\/ul>\n","protected":false},"excerpt":{"rendered":"<p>We are always looking for outgoing and motivated people that are ready to take on the challenges. Send us your resume today. info@braydor.com We are currently looking for candidates for the following jobs: Garage door technician DESCRIPTION : Under the supervision of the Service Manager , you will have to do the installation and repair of garage doors and accessories &#8230; <\/p>\n<div><a href=\"https:\/\/www.braydor.com\/en\/career\/\" class=\"more-link\">Read More<\/a><\/div>\n","protected":false},"author":1,"featured_media":0,"parent":0,"menu_order":150,"comment_status":"closed","ping_status":"closed","template":"","meta":{"_acf_changed":false,"footnotes":""},"class_list":["post-2454","page","type-page","status-publish","hentry","no-post-thumbnail"],"acf":[],"yoast_head":"<!-- This site is optimized with the Yoast SEO plugin v27.3 - https:\/\/yoast.com\/product\/yoast-seo-wordpress\/ -->\n<title>career opportunities Bray-Dor jobs<\/title>\n<meta name=\"description\" content=\"career opportunities jobs career - Bray-Dor\" \/>\n<meta name=\"robots\" content=\"index, follow, max-snippet:-1, max-image-preview:large, max-video-preview:-1\" \/>\n<link rel=\"canonical\" href=\"https:\/\/www.braydor.com\/en\/career\/\" \/>\n<meta property=\"og:locale\" content=\"en_US\" \/>\n<meta property=\"og:type\" content=\"article\" \/>\n<meta property=\"og:title\" content=\"career opportunities Bray-Dor jobs\" \/>\n<meta property=\"og:description\" content=\"career opportunities jobs career - Bray-Dor\" \/>\n<meta property=\"og:url\" content=\"https:\/\/www.braydor.com\/en\/career\/\" \/>\n<meta property=\"og:site_name\" content=\"Braydor\" \/>\n<meta property=\"article:modified_time\" content=\"2015-09-09T21:11:07+00:00\" \/>\n<meta property=\"og:image\" content=\"http:\/\/www.braydor.com\/wp-content\/uploads\/2013\/11\/ContentHandler1.jpg\" \/>\n<meta name=\"twitter:label1\" content=\"Est. reading time\" \/>\n\t<meta name=\"twitter:data1\" content=\"1 minute\" \/>\n<script type=\"application\/ld+json\" class=\"yoast-schema-graph\">{\"@context\":\"https:\\\/\\\/schema.org\",\"@graph\":[{\"@type\":\"WebPage\",\"@id\":\"https:\\\/\\\/www.braydor.com\\\/en\\\/career\\\/\",\"url\":\"https:\\\/\\\/www.braydor.com\\\/en\\\/career\\\/\",\"name\":\"career opportunities Bray-Dor jobs\",\"isPartOf\":{\"@id\":\"https:\\\/\\\/www.braydor.com\\\/en\\\/#website\"},\"primaryImageOfPage\":{\"@id\":\"https:\\\/\\\/www.braydor.com\\\/en\\\/career\\\/#primaryimage\"},\"image\":{\"@id\":\"https:\\\/\\\/www.braydor.com\\\/en\\\/career\\\/#primaryimage\"},\"thumbnailUrl\":\"http:\\\/\\\/www.braydor.com\\\/wp-content\\\/uploads\\\/2013\\\/11\\\/ContentHandler1.jpg\",\"datePublished\":\"2013-11-25T20:48:08+00:00\",\"dateModified\":\"2015-09-09T21:11:07+00:00\",\"description\":\"career opportunities jobs career - Bray-Dor\",\"breadcrumb\":{\"@id\":\"https:\\\/\\\/www.braydor.com\\\/en\\\/career\\\/#breadcrumb\"},\"inLanguage\":\"en-US\",\"potentialAction\":[{\"@type\":\"ReadAction\",\"target\":[\"https:\\\/\\\/www.braydor.com\\\/en\\\/career\\\/\"]}]},{\"@type\":\"ImageObject\",\"inLanguage\":\"en-US\",\"@id\":\"https:\\\/\\\/www.braydor.com\\\/en\\\/career\\\/#primaryimage\",\"url\":\"http:\\\/\\\/www.braydor.com\\\/wp-content\\\/uploads\\\/2013\\\/11\\\/ContentHandler1.jpg\",\"contentUrl\":\"http:\\\/\\\/www.braydor.com\\\/wp-content\\\/uploads\\\/2013\\\/11\\\/ContentHandler1.jpg\"},{\"@type\":\"BreadcrumbList\",\"@id\":\"https:\\\/\\\/www.braydor.com\\\/en\\\/career\\\/#breadcrumb\",\"itemListElement\":[{\"@type\":\"ListItem\",\"position\":1,\"name\":\"Home\",\"item\":\"https:\\\/\\\/www.braydor.com\\\/en\\\/\"},{\"@type\":\"ListItem\",\"position\":2,\"name\":\"Career opportunities\"}]},{\"@type\":\"WebSite\",\"@id\":\"https:\\\/\\\/www.braydor.com\\\/en\\\/#website\",\"url\":\"https:\\\/\\\/www.braydor.com\\\/en\\\/\",\"name\":\"Braydor\",\"description\":\"Manufacturier et installateur de portes de garage residentielle et commerciales, industrielles\",\"potentialAction\":[{\"@type\":\"SearchAction\",\"target\":{\"@type\":\"EntryPoint\",\"urlTemplate\":\"https:\\\/\\\/www.braydor.com\\\/en\\\/?s={search_term_string}\"},\"query-input\":{\"@type\":\"PropertyValueSpecification\",\"valueRequired\":true,\"valueName\":\"search_term_string\"}}],\"inLanguage\":\"en-US\"}]}<\/script>\n<!-- \/ Yoast SEO plugin. -->","yoast_head_json":{"title":"career opportunities Bray-Dor jobs","description":"career opportunities jobs career - Bray-Dor","robots":{"index":"index","follow":"follow","max-snippet":"max-snippet:-1","max-image-preview":"max-image-preview:large","max-video-preview":"max-video-preview:-1"},"canonical":"https:\/\/www.braydor.com\/en\/career\/","og_locale":"en_US","og_type":"article","og_title":"career opportunities Bray-Dor jobs","og_description":"career opportunities jobs career - Bray-Dor","og_url":"https:\/\/www.braydor.com\/en\/career\/","og_site_name":"Braydor","article_modified_time":"2015-09-09T21:11:07+00:00","og_image":[{"url":"http:\/\/www.braydor.com\/wp-content\/uploads\/2013\/11\/ContentHandler1.jpg","type":"","width":"","height":""}],"twitter_misc":{"Est. reading time":"1 minute"},"schema":{"@context":"https:\/\/schema.org","@graph":[{"@type":"WebPage","@id":"https:\/\/www.braydor.com\/en\/career\/","url":"https:\/\/www.braydor.com\/en\/career\/","name":"career opportunities Bray-Dor jobs","isPartOf":{"@id":"https:\/\/www.braydor.com\/en\/#website"},"primaryImageOfPage":{"@id":"https:\/\/www.braydor.com\/en\/career\/#primaryimage"},"image":{"@id":"https:\/\/www.braydor.com\/en\/career\/#primaryimage"},"thumbnailUrl":"http:\/\/www.braydor.com\/wp-content\/uploads\/2013\/11\/ContentHandler1.jpg","datePublished":"2013-11-25T20:48:08+00:00","dateModified":"2015-09-09T21:11:07+00:00","description":"career opportunities jobs career - Bray-Dor","breadcrumb":{"@id":"https:\/\/www.braydor.com\/en\/career\/#breadcrumb"},"inLanguage":"en-US","potentialAction":[{"@type":"ReadAction","target":["https:\/\/www.braydor.com\/en\/career\/"]}]},{"@type":"ImageObject","inLanguage":"en-US","@id":"https:\/\/www.braydor.com\/en\/career\/#primaryimage","url":"http:\/\/www.braydor.com\/wp-content\/uploads\/2013\/11\/ContentHandler1.jpg","contentUrl":"http:\/\/www.braydor.com\/wp-content\/uploads\/2013\/11\/ContentHandler1.jpg"},{"@type":"BreadcrumbList","@id":"https:\/\/www.braydor.com\/en\/career\/#breadcrumb","itemListElement":[{"@type":"ListItem","position":1,"name":"Home","item":"https:\/\/www.braydor.com\/en\/"},{"@type":"ListItem","position":2,"name":"Career opportunities"}]},{"@type":"WebSite","@id":"https:\/\/www.braydor.com\/en\/#website","url":"https:\/\/www.braydor.com\/en\/","name":"Braydor","description":"Manufacturier et installateur de portes de garage residentielle et commerciales, industrielles","potentialAction":[{"@type":"SearchAction","target":{"@type":"EntryPoint","urlTemplate":"https:\/\/www.braydor.com\/en\/?s={search_term_string}"},"query-input":{"@type":"PropertyValueSpecification","valueRequired":true,"valueName":"search_term_string"}}],"inLanguage":"en-US"}]}},"_links":{"self":[{"href":"https:\/\/www.braydor.com\/en\/wp-json\/wp\/v2\/pages\/2454","targetHints":{"allow":["GET"]}}],"collection":[{"href":"https:\/\/www.braydor.com\/en\/wp-json\/wp\/v2\/pages"}],"about":[{"href":"https:\/\/www.braydor.com\/en\/wp-json\/wp\/v2\/types\/page"}],"author":[{"embeddable":true,"href":"https:\/\/www.braydor.com\/en\/wp-json\/wp\/v2\/users\/1"}],"replies":[{"embeddable":true,"href":"https:\/\/www.braydor.com\/en\/wp-json\/wp\/v2\/comments?post=2454"}],"version-history":[{"count":0,"href":"https:\/\/www.braydor.com\/en\/wp-json\/wp\/v2\/pages\/2454\/revisions"}],"wp:attachment":[{"href":"https:\/\/www.braydor.com\/en\/wp-json\/wp\/v2\/media?parent=2454"}],"curies":[{"name":"wp","href":"https:\/\/api.w.org\/{rel}","templated":true}]}}