{"id":7511,"date":"2014-08-13T13:30:25","date_gmt":"2014-08-13T17:30:25","guid":{"rendered":"http:\/\/doordoctor.com\/?page_id=7511"},"modified":"2014-08-15T14:52:51","modified_gmt":"2014-08-15T18:52:51","slug":"inspecdor","status":"publish","type":"page","link":"https:\/\/www.braydor.com\/en\/inspecdor\/","title":{"rendered":"Your commercial after sale InspecDor service"},"content":{"rendered":"<p><img loading=\"lazy\" decoding=\"async\" width=\"700\" height=\"147\" class=\"alignnone size-full wp-image-7526\" src=\"http:\/\/www.braydor.com\/wp-content\/uploads\/2014\/08\/logo_inspecdor_en.jpg\" alt=\"logo_inspecdor_en\" srcset=\"https:\/\/www.braydor.com\/wp-content\/uploads\/2014\/08\/logo_inspecdor_en.jpg 700w, https:\/\/www.braydor.com\/wp-content\/uploads\/2014\/08\/logo_inspecdor_en-200x42.jpg 200w, https:\/\/www.braydor.com\/wp-content\/uploads\/2014\/08\/logo_inspecdor_en-298x62.jpg 298w, https:\/\/www.braydor.com\/wp-content\/uploads\/2014\/08\/logo_inspecdor_en-50x10.jpg 50w\" sizes=\"auto, (max-width: 700px) 100vw, 700px\" \/><\/p>\n<h2><strong>Qu\u2019est-ce qu\u2019InspecDor ?<\/strong><\/h2>\n<p>InspecDor est un tout nouveau programme visant \u00e0 faire profiter nos clients des garanties rattach\u00e9es aux portes qu\u2019ils ach\u00e8tent chez nous. En effet, pour pouvoir profiter des garanties de nos manufacturiers, des t\u00e2ches de maintenance sp\u00e9cifiques \u00e0 chaque type de portes sont requises.<\/p>\n<h2><strong>Des\u00a0inspections pr\u00e9ventives pendant x\u00a0ans<\/strong><\/h2>\n<p>Braydor souhaite ne rien laisser au hasard quant au bon fonctionnement et \u00e0 la s\u00e9curit\u00e9 de votre environnement de travail. C\u2019est pourquoi nos professionnels r\u00e9alisent non seulement un examen rigoureux de votre porte commerciale, mais ils font \u00e9galement l\u2019inspection de l\u2019ouvre-porte et de l\u2019\u00e9quipement environnant, garantissant un diagnostic pr\u00e9cis.<\/p>\n","protected":false},"excerpt":{"rendered":"<p>Qu\u2019est-ce qu\u2019InspecDor ? InspecDor est un tout nouveau programme visant \u00e0 faire profiter nos clients des garanties rattach\u00e9es aux portes qu\u2019ils ach\u00e8tent chez nous. En effet, pour pouvoir profiter des garanties de nos manufacturiers, des t\u00e2ches de maintenance sp\u00e9cifiques \u00e0 chaque type de portes sont requises. Des\u00a0inspections pr\u00e9ventives pendant x\u00a0ans Braydor souhaite ne rien laisser au hasard quant au bon &#8230; <\/p>\n<div><a href=\"https:\/\/www.braydor.com\/en\/inspecdor\/\" class=\"more-link\">Read More<\/a><\/div>\n","protected":false},"author":2,"featured_media":0,"parent":0,"menu_order":0,"comment_status":"open","ping_status":"open","template":"","meta":{"_acf_changed":false,"footnotes":""},"class_list":["post-7511","page","type-page","status-publish","hentry","no-post-thumbnail"],"acf":[],"yoast_head":"<!-- This site is optimized with the Yoast SEO plugin v27.3 - https:\/\/yoast.com\/product\/yoast-seo-wordpress\/ -->\n<title>InspecDor - Braydor<\/title>\n<meta name=\"description\" content=\"InspecDor - Braydor, free annual commercial inspection, garage doors, industrial doors, loading dock equipment\" \/>\n<meta name=\"robots\" content=\"index, follow, max-snippet:-1, max-image-preview:large, max-video-preview:-1\" \/>\n<link rel=\"canonical\" href=\"https:\/\/www.braydor.com\/en\/inspecdor\/\" \/>\n<meta property=\"og:locale\" content=\"en_US\" \/>\n<meta property=\"og:type\" content=\"article\" \/>\n<meta property=\"og:title\" content=\"InspecDor - Braydor\" \/>\n<meta property=\"og:description\" content=\"InspecDor - Braydor, free annual commercial inspection, garage doors, industrial doors, loading dock equipment\" \/>\n<meta property=\"og:url\" content=\"https:\/\/www.braydor.com\/en\/inspecdor\/\" \/>\n<meta property=\"og:site_name\" content=\"Braydor\" \/>\n<meta property=\"article:modified_time\" content=\"2014-08-15T18:52:51+00:00\" \/>\n<meta property=\"og:image\" content=\"http:\/\/www.braydor.com\/wp-content\/uploads\/2014\/08\/logo_inspecdor_en.jpg\" \/>\n<meta name=\"twitter:label1\" content=\"Est. reading time\" \/>\n\t<meta name=\"twitter:data1\" content=\"1 minute\" \/>\n<script type=\"application\/ld+json\" class=\"yoast-schema-graph\">{\"@context\":\"https:\\\/\\\/schema.org\",\"@graph\":[{\"@type\":\"WebPage\",\"@id\":\"https:\\\/\\\/www.braydor.com\\\/en\\\/inspecdor\\\/\",\"url\":\"https:\\\/\\\/www.braydor.com\\\/en\\\/inspecdor\\\/\",\"name\":\"InspecDor - Braydor\",\"isPartOf\":{\"@id\":\"https:\\\/\\\/www.braydor.com\\\/en\\\/#website\"},\"primaryImageOfPage\":{\"@id\":\"https:\\\/\\\/www.braydor.com\\\/en\\\/inspecdor\\\/#primaryimage\"},\"image\":{\"@id\":\"https:\\\/\\\/www.braydor.com\\\/en\\\/inspecdor\\\/#primaryimage\"},\"thumbnailUrl\":\"http:\\\/\\\/www.braydor.com\\\/wp-content\\\/uploads\\\/2014\\\/08\\\/logo_inspecdor_en.jpg\",\"datePublished\":\"2014-08-13T17:30:25+00:00\",\"dateModified\":\"2014-08-15T18:52:51+00:00\",\"description\":\"InspecDor - Braydor, free annual commercial inspection, garage doors, industrial doors, loading dock equipment\",\"breadcrumb\":{\"@id\":\"https:\\\/\\\/www.braydor.com\\\/en\\\/inspecdor\\\/#breadcrumb\"},\"inLanguage\":\"en-US\",\"potentialAction\":[{\"@type\":\"ReadAction\",\"target\":[\"https:\\\/\\\/www.braydor.com\\\/en\\\/inspecdor\\\/\"]}]},{\"@type\":\"ImageObject\",\"inLanguage\":\"en-US\",\"@id\":\"https:\\\/\\\/www.braydor.com\\\/en\\\/inspecdor\\\/#primaryimage\",\"url\":\"http:\\\/\\\/www.braydor.com\\\/wp-content\\\/uploads\\\/2014\\\/08\\\/logo_inspecdor_en.jpg\",\"contentUrl\":\"http:\\\/\\\/www.braydor.com\\\/wp-content\\\/uploads\\\/2014\\\/08\\\/logo_inspecdor_en.jpg\"},{\"@type\":\"BreadcrumbList\",\"@id\":\"https:\\\/\\\/www.braydor.com\\\/en\\\/inspecdor\\\/#breadcrumb\",\"itemListElement\":[{\"@type\":\"ListItem\",\"position\":1,\"name\":\"Home\",\"item\":\"https:\\\/\\\/www.braydor.com\\\/en\\\/\"},{\"@type\":\"ListItem\",\"position\":2,\"name\":\"Your commercial after sale InspecDor service\"}]},{\"@type\":\"WebSite\",\"@id\":\"https:\\\/\\\/www.braydor.com\\\/en\\\/#website\",\"url\":\"https:\\\/\\\/www.braydor.com\\\/en\\\/\",\"name\":\"Braydor\",\"description\":\"Manufacturier et installateur de portes de garage residentielle et commerciales, industrielles\",\"potentialAction\":[{\"@type\":\"SearchAction\",\"target\":{\"@type\":\"EntryPoint\",\"urlTemplate\":\"https:\\\/\\\/www.braydor.com\\\/en\\\/?s={search_term_string}\"},\"query-input\":{\"@type\":\"PropertyValueSpecification\",\"valueRequired\":true,\"valueName\":\"search_term_string\"}}],\"inLanguage\":\"en-US\"}]}<\/script>\n<!-- \/ Yoast SEO plugin. -->","yoast_head_json":{"title":"InspecDor - Braydor","description":"InspecDor - Braydor, free annual commercial inspection, garage doors, industrial doors, loading dock equipment","robots":{"index":"index","follow":"follow","max-snippet":"max-snippet:-1","max-image-preview":"max-image-preview:large","max-video-preview":"max-video-preview:-1"},"canonical":"https:\/\/www.braydor.com\/en\/inspecdor\/","og_locale":"en_US","og_type":"article","og_title":"InspecDor - Braydor","og_description":"InspecDor - Braydor, free annual commercial inspection, garage doors, industrial doors, loading dock equipment","og_url":"https:\/\/www.braydor.com\/en\/inspecdor\/","og_site_name":"Braydor","article_modified_time":"2014-08-15T18:52:51+00:00","og_image":[{"url":"http:\/\/www.braydor.com\/wp-content\/uploads\/2014\/08\/logo_inspecdor_en.jpg","type":"","width":"","height":""}],"twitter_misc":{"Est. reading time":"1 minute"},"schema":{"@context":"https:\/\/schema.org","@graph":[{"@type":"WebPage","@id":"https:\/\/www.braydor.com\/en\/inspecdor\/","url":"https:\/\/www.braydor.com\/en\/inspecdor\/","name":"InspecDor - Braydor","isPartOf":{"@id":"https:\/\/www.braydor.com\/en\/#website"},"primaryImageOfPage":{"@id":"https:\/\/www.braydor.com\/en\/inspecdor\/#primaryimage"},"image":{"@id":"https:\/\/www.braydor.com\/en\/inspecdor\/#primaryimage"},"thumbnailUrl":"http:\/\/www.braydor.com\/wp-content\/uploads\/2014\/08\/logo_inspecdor_en.jpg","datePublished":"2014-08-13T17:30:25+00:00","dateModified":"2014-08-15T18:52:51+00:00","description":"InspecDor - Braydor, free annual commercial inspection, garage doors, industrial doors, loading dock equipment","breadcrumb":{"@id":"https:\/\/www.braydor.com\/en\/inspecdor\/#breadcrumb"},"inLanguage":"en-US","potentialAction":[{"@type":"ReadAction","target":["https:\/\/www.braydor.com\/en\/inspecdor\/"]}]},{"@type":"ImageObject","inLanguage":"en-US","@id":"https:\/\/www.braydor.com\/en\/inspecdor\/#primaryimage","url":"http:\/\/www.braydor.com\/wp-content\/uploads\/2014\/08\/logo_inspecdor_en.jpg","contentUrl":"http:\/\/www.braydor.com\/wp-content\/uploads\/2014\/08\/logo_inspecdor_en.jpg"},{"@type":"BreadcrumbList","@id":"https:\/\/www.braydor.com\/en\/inspecdor\/#breadcrumb","itemListElement":[{"@type":"ListItem","position":1,"name":"Home","item":"https:\/\/www.braydor.com\/en\/"},{"@type":"ListItem","position":2,"name":"Your commercial after sale InspecDor service"}]},{"@type":"WebSite","@id":"https:\/\/www.braydor.com\/en\/#website","url":"https:\/\/www.braydor.com\/en\/","name":"Braydor","description":"Manufacturier et installateur de portes de garage residentielle et commerciales, industrielles","potentialAction":[{"@type":"SearchAction","target":{"@type":"EntryPoint","urlTemplate":"https:\/\/www.braydor.com\/en\/?s={search_term_string}"},"query-input":{"@type":"PropertyValueSpecification","valueRequired":true,"valueName":"search_term_string"}}],"inLanguage":"en-US"}]}},"_links":{"self":[{"href":"https:\/\/www.braydor.com\/en\/wp-json\/wp\/v2\/pages\/7511","targetHints":{"allow":["GET"]}}],"collection":[{"href":"https:\/\/www.braydor.com\/en\/wp-json\/wp\/v2\/pages"}],"about":[{"href":"https:\/\/www.braydor.com\/en\/wp-json\/wp\/v2\/types\/page"}],"author":[{"embeddable":true,"href":"https:\/\/www.braydor.com\/en\/wp-json\/wp\/v2\/users\/2"}],"replies":[{"embeddable":true,"href":"https:\/\/www.braydor.com\/en\/wp-json\/wp\/v2\/comments?post=7511"}],"version-history":[{"count":0,"href":"https:\/\/www.braydor.com\/en\/wp-json\/wp\/v2\/pages\/7511\/revisions"}],"wp:attachment":[{"href":"https:\/\/www.braydor.com\/en\/wp-json\/wp\/v2\/media?parent=7511"}],"curies":[{"name":"wp","href":"https:\/\/api.w.org\/{rel}","templated":true}]}}